{"id":15,"date":"2020-03-11T21:06:11","date_gmt":"2020-03-11T20:06:11","guid":{"rendered":"http:\/\/vzpqwqt.cluster026.hosting.ovh.net\/?page_id=15"},"modified":"2024-09-12T18:46:09","modified_gmt":"2024-09-12T16:46:09","slug":"o-mnie","status":"publish","type":"page","link":"https:\/\/zpowrotem.pl\/index.php\/o-mnie\/","title":{"rendered":"O mnie"},"content":{"rendered":"<p align=\"left\"><strong>Nazywam si\u0119 Aleksandra Karczmar.<\/strong><\/p>\n<p align=\"left\"><strong>Jestem psychologiem, bieg\u0142ym s\u0105dowym z zakresu psychologii.<\/strong><\/p>\n<p align=\"left\">Prowadzi\u0142am blog od sierpnia 2016r., ale w lutym 2020r. jaki\u015b potw\u00f3r postanowi\u0142 schrupa\u0107 go na deser. Po przerwie wi\u0119c, blog powstaje na nowo, by cieszy\u0107 Was jeszcze bardziej ni\u017c dotychczas.<\/p>\n<p align=\"left\">Od maja 2022r. kszta\u0142c\u0119 si\u0119 w zawodzie psychoterapeuty w Wielkopolskim Towarzystwie Terapii Systemowej w Poznaniu.<\/p>\n<p align=\"left\">Od 17 lat jestem psychologiem, kt\u00f3ry pracuje z dzie\u0107mi, m\u0142odzie\u017c\u0105 i doros\u0142ymi.<\/p>\n<p align=\"left\">Opiniuj\u0119 kandydat\u00f3w na rodziny zast\u0119pcze oraz wspieram rodziny zast\u0119pcze wraz z powierzonymi im dzie\u0107mi z terenu powiatu wielu\u0144skiego.<\/p>\n<p align=\"left\">Jako mediator specjalizuj\u0119 si\u0119 w sprawach rodzinnych.<\/p>\n<p align=\"left\">Wsp\u00f3\u0142pracuj\u0119 z firm\u0105 JP Medica.<\/p>\n<p align=\"left\"><img loading=\"lazy\" decoding=\"async\" class=\"alignnone size-medium wp-image-908\" src=\"https:\/\/zpowrotem.pl\/wp-content\/uploads\/2024\/03\/JP_Medica-300x100.png\" alt=\"\" width=\"300\" height=\"100\" srcset=\"https:\/\/zpowrotem.pl\/wp-content\/uploads\/2024\/03\/JP_Medica-300x100.png 300w, https:\/\/zpowrotem.pl\/wp-content\/uploads\/2024\/03\/JP_Medica-1024x341.png 1024w, https:\/\/zpowrotem.pl\/wp-content\/uploads\/2024\/03\/JP_Medica-768x256.png 768w, https:\/\/zpowrotem.pl\/wp-content\/uploads\/2024\/03\/JP_Medica-1536x512.png 1536w, https:\/\/zpowrotem.pl\/wp-content\/uploads\/2024\/03\/JP_Medica-2048x683.png 2048w, https:\/\/zpowrotem.pl\/wp-content\/uploads\/2024\/03\/JP_Medica-600x200.png 600w, https:\/\/zpowrotem.pl\/wp-content\/uploads\/2024\/03\/JP_Medica-945x315.png 945w\" sizes=\"auto, (max-width: 300px) 100vw, 300px\" \/><\/p>\n<p align=\"left\"><strong>Obecnie pracuj\u0119 w:<\/strong><\/p>\n<p align=\"left\">1. Publiczne Przedszkole nr 1 w Wieluniu<\/p>\n<p align=\"left\">2. Publiczne Przedszkole nr 3 w Wieluniu.<\/p>\n<p align=\"left\">Posiadam do\u015bwiadczenie w pracy z dzie\u0107mi i m\u0142odzie\u017c\u0105 z m.in. autyzmem, Zespo\u0142em Aspergera, niepe\u0142nosprawno\u015bci\u0105 intelektualn\u0105 w stopniu lekkim i umiarkowanym, mutyzmem i afazj\u0105.<\/p>\n<p align=\"left\">Dotychczas wsp\u00f3\u0142pracowa\u0142am z licznymi szko\u0142ami m.in.:<\/p>\n<ul>\n<li>Szko\u0142\u0105 Podstawow\u0105 nr 1 w Sieradzu<\/li>\n<li>Szko\u0142\u0105 Podstawow\u0105 w Z\u0142oczewie (oraz Szko\u0142ami Podstawowymi w Broszkach, Stolcu i Unikowie)<\/li>\n<li>Publiczn\u0105 Szko\u0142\u0105 Podstawow\u0105 z Oddzia\u0142ami Integracyjnymi w Strugach SPSK<\/li>\n<li>Szko\u0142\u0105 Podstawow\u0105 w Rudnikach<\/li>\n<li>Zespo\u0142em Szko\u0142y i Przedszkola w O\u017carowie<\/li>\n<li>Zespo\u0142em Szko\u0142y i Przedszkola w Komornikach<\/li>\n<li>Zespo\u0142em Szko\u0142y i Przedszkola w Krzyworzece<\/li>\n<\/ul>\n<p>Dotychczas wsp\u00f3\u0142pracowa\u0142am z ofiarami przemocy w rodzinie (MGOPS Wielu\u0144, GOPS Mokrsko), osobami uzale\u017cnionymi\u00a0 od alkoholu i ich rodzinami, prowadzi\u0142am warsztaty grupowe w ramach EFS, a tak\u017ce badania psychologiczne oraz projekty rekrutacyjne.<\/p>\n<p>&nbsp;<\/p>\n<p align=\"left\">\n","protected":false},"excerpt":{"rendered":"<p>Nazywam si\u0119 Aleksandra Karczmar. Jestem psychologiem, bieg\u0142ym s\u0105dowym z zakresu psychologii. Prowadzi\u0142am blog od sierpnia 2016r., ale w lutym 2020r. jaki\u015b potw\u00f3r postanowi\u0142 schrupa\u0107 go na deser. Po przerwie wi\u0119c, blog powstaje na nowo, by cieszy\u0107 Was jeszcze bardziej ni\u017c&#8230; <a class=\"more-link\" href=\"https:\/\/zpowrotem.pl\/index.php\/o-mnie\/\">Czytaj dalej &rarr;<\/a><\/p>\n","protected":false},"author":1,"featured_media":820,"parent":0,"menu_order":0,"comment_status":"closed","ping_status":"closed","template":"","meta":{"footnotes":""},"class_list":["post-15","page","type-page","status-publish","has-post-thumbnail","hentry"],"yoast_head":"<!-- This site is optimized with the Yoast SEO plugin v27.4 - https:\/\/yoast.com\/product\/yoast-seo-wordpress\/ -->\n<title>O mnie - zpowrotem.pl<\/title>\n<meta name=\"robots\" content=\"index, follow, max-snippet:-1, max-image-preview:large, max-video-preview:-1\" \/>\n<link rel=\"canonical\" href=\"https:\/\/zpowrotem.pl\/index.php\/o-mnie\/\" \/>\n<meta property=\"og:locale\" content=\"pl_PL\" \/>\n<meta property=\"og:type\" content=\"article\" \/>\n<meta property=\"og:title\" content=\"O mnie - zpowrotem.pl\" \/>\n<meta property=\"og:description\" content=\"Nazywam si\u0119 Aleksandra Karczmar. Jestem psychologiem, bieg\u0142ym s\u0105dowym z zakresu psychologii. Prowadzi\u0142am blog od sierpnia 2016r., ale w lutym 2020r. jaki\u015b potw\u00f3r postanowi\u0142 schrupa\u0107 go na deser. Po przerwie wi\u0119c, blog powstaje na nowo, by cieszy\u0107 Was jeszcze bardziej ni\u017c... Czytaj dalej &rarr;\" \/>\n<meta property=\"og:url\" content=\"https:\/\/zpowrotem.pl\/index.php\/o-mnie\/\" \/>\n<meta property=\"og:site_name\" content=\"zpowrotem.pl\" \/>\n<meta property=\"article:publisher\" content=\"https:\/\/www.facebook.com\/zpowrotempl\/\" \/>\n<meta property=\"article:modified_time\" content=\"2024-09-12T16:46:09+00:00\" \/>\n<meta property=\"og:image\" content=\"https:\/\/zpowrotem.pl\/wp-content\/uploads\/2023\/05\/gabinet.jpg\" \/>\n\t<meta property=\"og:image:width\" content=\"1734\" \/>\n\t<meta property=\"og:image:height\" content=\"1301\" \/>\n\t<meta property=\"og:image:type\" content=\"image\/jpeg\" \/>\n<meta name=\"twitter:card\" content=\"summary_large_image\" \/>\n<meta name=\"twitter:label1\" content=\"Szacowany czas czytania\" \/>\n\t<meta name=\"twitter:data1\" content=\"2 minuty\" \/>\n<script type=\"application\/ld+json\" class=\"yoast-schema-graph\">{\"@context\":\"https:\\\/\\\/schema.org\",\"@graph\":[{\"@type\":\"WebPage\",\"@id\":\"https:\\\/\\\/zpowrotem.pl\\\/index.php\\\/o-mnie\\\/\",\"url\":\"https:\\\/\\\/zpowrotem.pl\\\/index.php\\\/o-mnie\\\/\",\"name\":\"O mnie - zpowrotem.pl\",\"isPartOf\":{\"@id\":\"https:\\\/\\\/zpowrotem.pl\\\/#website\"},\"primaryImageOfPage\":{\"@id\":\"https:\\\/\\\/zpowrotem.pl\\\/index.php\\\/o-mnie\\\/#primaryimage\"},\"image\":{\"@id\":\"https:\\\/\\\/zpowrotem.pl\\\/index.php\\\/o-mnie\\\/#primaryimage\"},\"thumbnailUrl\":\"https:\\\/\\\/zpowrotem.pl\\\/wp-content\\\/uploads\\\/2023\\\/05\\\/gabinet.jpg\",\"datePublished\":\"2020-03-11T20:06:11+00:00\",\"dateModified\":\"2024-09-12T16:46:09+00:00\",\"breadcrumb\":{\"@id\":\"https:\\\/\\\/zpowrotem.pl\\\/index.php\\\/o-mnie\\\/#breadcrumb\"},\"inLanguage\":\"pl-PL\",\"potentialAction\":[{\"@type\":\"ReadAction\",\"target\":[\"https:\\\/\\\/zpowrotem.pl\\\/index.php\\\/o-mnie\\\/\"]}]},{\"@type\":\"ImageObject\",\"inLanguage\":\"pl-PL\",\"@id\":\"https:\\\/\\\/zpowrotem.pl\\\/index.php\\\/o-mnie\\\/#primaryimage\",\"url\":\"https:\\\/\\\/zpowrotem.pl\\\/wp-content\\\/uploads\\\/2023\\\/05\\\/gabinet.jpg\",\"contentUrl\":\"https:\\\/\\\/zpowrotem.pl\\\/wp-content\\\/uploads\\\/2023\\\/05\\\/gabinet.jpg\",\"width\":1734,\"height\":1301},{\"@type\":\"BreadcrumbList\",\"@id\":\"https:\\\/\\\/zpowrotem.pl\\\/index.php\\\/o-mnie\\\/#breadcrumb\",\"itemListElement\":[{\"@type\":\"ListItem\",\"position\":1,\"name\":\"Strona g\u0142\u00f3wna\",\"item\":\"https:\\\/\\\/zpowrotem.pl\\\/\"},{\"@type\":\"ListItem\",\"position\":2,\"name\":\"O mnie\"}]},{\"@type\":\"WebSite\",\"@id\":\"https:\\\/\\\/zpowrotem.pl\\\/#website\",\"url\":\"https:\\\/\\\/zpowrotem.pl\\\/\",\"name\":\"zpowrotem.pl\",\"description\":\"psycholog pisze blog\",\"potentialAction\":[{\"@type\":\"SearchAction\",\"target\":{\"@type\":\"EntryPoint\",\"urlTemplate\":\"https:\\\/\\\/zpowrotem.pl\\\/?s={search_term_string}\"},\"query-input\":{\"@type\":\"PropertyValueSpecification\",\"valueRequired\":true,\"valueName\":\"search_term_string\"}}],\"inLanguage\":\"pl-PL\"}]}<\/script>\n<!-- \/ Yoast SEO plugin. -->","yoast_head_json":{"title":"O mnie - zpowrotem.pl","robots":{"index":"index","follow":"follow","max-snippet":"max-snippet:-1","max-image-preview":"max-image-preview:large","max-video-preview":"max-video-preview:-1"},"canonical":"https:\/\/zpowrotem.pl\/index.php\/o-mnie\/","og_locale":"pl_PL","og_type":"article","og_title":"O mnie - zpowrotem.pl","og_description":"Nazywam si\u0119 Aleksandra Karczmar. Jestem psychologiem, bieg\u0142ym s\u0105dowym z zakresu psychologii. Prowadzi\u0142am blog od sierpnia 2016r., ale w lutym 2020r. jaki\u015b potw\u00f3r postanowi\u0142 schrupa\u0107 go na deser. Po przerwie wi\u0119c, blog powstaje na nowo, by cieszy\u0107 Was jeszcze bardziej ni\u017c... Czytaj dalej &rarr;","og_url":"https:\/\/zpowrotem.pl\/index.php\/o-mnie\/","og_site_name":"zpowrotem.pl","article_publisher":"https:\/\/www.facebook.com\/zpowrotempl\/","article_modified_time":"2024-09-12T16:46:09+00:00","og_image":[{"width":1734,"height":1301,"url":"https:\/\/zpowrotem.pl\/wp-content\/uploads\/2023\/05\/gabinet.jpg","type":"image\/jpeg"}],"twitter_card":"summary_large_image","twitter_misc":{"Szacowany czas czytania":"2 minuty"},"schema":{"@context":"https:\/\/schema.org","@graph":[{"@type":"WebPage","@id":"https:\/\/zpowrotem.pl\/index.php\/o-mnie\/","url":"https:\/\/zpowrotem.pl\/index.php\/o-mnie\/","name":"O mnie - zpowrotem.pl","isPartOf":{"@id":"https:\/\/zpowrotem.pl\/#website"},"primaryImageOfPage":{"@id":"https:\/\/zpowrotem.pl\/index.php\/o-mnie\/#primaryimage"},"image":{"@id":"https:\/\/zpowrotem.pl\/index.php\/o-mnie\/#primaryimage"},"thumbnailUrl":"https:\/\/zpowrotem.pl\/wp-content\/uploads\/2023\/05\/gabinet.jpg","datePublished":"2020-03-11T20:06:11+00:00","dateModified":"2024-09-12T16:46:09+00:00","breadcrumb":{"@id":"https:\/\/zpowrotem.pl\/index.php\/o-mnie\/#breadcrumb"},"inLanguage":"pl-PL","potentialAction":[{"@type":"ReadAction","target":["https:\/\/zpowrotem.pl\/index.php\/o-mnie\/"]}]},{"@type":"ImageObject","inLanguage":"pl-PL","@id":"https:\/\/zpowrotem.pl\/index.php\/o-mnie\/#primaryimage","url":"https:\/\/zpowrotem.pl\/wp-content\/uploads\/2023\/05\/gabinet.jpg","contentUrl":"https:\/\/zpowrotem.pl\/wp-content\/uploads\/2023\/05\/gabinet.jpg","width":1734,"height":1301},{"@type":"BreadcrumbList","@id":"https:\/\/zpowrotem.pl\/index.php\/o-mnie\/#breadcrumb","itemListElement":[{"@type":"ListItem","position":1,"name":"Strona g\u0142\u00f3wna","item":"https:\/\/zpowrotem.pl\/"},{"@type":"ListItem","position":2,"name":"O mnie"}]},{"@type":"WebSite","@id":"https:\/\/zpowrotem.pl\/#website","url":"https:\/\/zpowrotem.pl\/","name":"zpowrotem.pl","description":"psycholog pisze blog","potentialAction":[{"@type":"SearchAction","target":{"@type":"EntryPoint","urlTemplate":"https:\/\/zpowrotem.pl\/?s={search_term_string}"},"query-input":{"@type":"PropertyValueSpecification","valueRequired":true,"valueName":"search_term_string"}}],"inLanguage":"pl-PL"}]}},"_links":{"self":[{"href":"https:\/\/zpowrotem.pl\/index.php\/wp-json\/wp\/v2\/pages\/15","targetHints":{"allow":["GET"]}}],"collection":[{"href":"https:\/\/zpowrotem.pl\/index.php\/wp-json\/wp\/v2\/pages"}],"about":[{"href":"https:\/\/zpowrotem.pl\/index.php\/wp-json\/wp\/v2\/types\/page"}],"author":[{"embeddable":true,"href":"https:\/\/zpowrotem.pl\/index.php\/wp-json\/wp\/v2\/users\/1"}],"replies":[{"embeddable":true,"href":"https:\/\/zpowrotem.pl\/index.php\/wp-json\/wp\/v2\/comments?post=15"}],"version-history":[{"count":33,"href":"https:\/\/zpowrotem.pl\/index.php\/wp-json\/wp\/v2\/pages\/15\/revisions"}],"predecessor-version":[{"id":928,"href":"https:\/\/zpowrotem.pl\/index.php\/wp-json\/wp\/v2\/pages\/15\/revisions\/928"}],"wp:featuredmedia":[{"embeddable":true,"href":"https:\/\/zpowrotem.pl\/index.php\/wp-json\/wp\/v2\/media\/820"}],"wp:attachment":[{"href":"https:\/\/zpowrotem.pl\/index.php\/wp-json\/wp\/v2\/media?parent=15"}],"curies":[{"name":"wp","href":"https:\/\/api.w.org\/{rel}","templated":true}]}}