{"id":18,"date":"2020-03-11T21:06:32","date_gmt":"2020-03-11T20:06:32","guid":{"rendered":"http:\/\/vzpqwqt.cluster026.hosting.ovh.net\/?page_id=18"},"modified":"2024-12-08T11:06:52","modified_gmt":"2024-12-08T10:06:52","slug":"uslugi","status":"publish","type":"page","link":"https:\/\/zpowrotem.pl\/index.php\/uslugi\/","title":{"rendered":"Us\u0142ugi"},"content":{"rendered":"<p>Zapraszam na spotkania w ka\u017cdy pi\u0105tek do Alamed w Wieluniu przy ul. Szkolnej 6.<\/p>\n<p><span style=\"color: #ff0000;\"><strong>Konieczna wcze\u015bniejsza rejestracja telefoniczna: 511 399 776<\/strong><\/span><\/p>\n<p align=\"left\"><span style=\"color: #00a933;\"><span style=\"font-size: x-large;\"><b>OFERUJ\u0118:<\/b><\/span><\/span><\/p>\n<p align=\"left\"><span style=\"font-size: x-large;\"><b>* konsultacje psychologiczne dla dzieci, m\u0142odzie\u017cy i doros\u0142ych<\/b><\/span><\/p>\n<p align=\"left\"><span style=\"font-size: x-large;\"><b>* sesje indywidualne<\/b><\/span><\/p>\n<p align=\"left\"><span style=\"font-size: x-large;\"><b>* poradnictwo dla par i rodzin<\/b><\/span><\/p>\n<p align=\"left\"><span style=\"font-size: x-large;\"><b>* interwencja kryzysowa<\/b><\/span><\/p>\n<p align=\"left\"><span style=\"font-size: x-large;\"><b>* mediacje rodzinne<\/b><\/span><\/p>\n<p align=\"left\"><span style=\"font-size: x-large;\"><b>* warsztaty i szkolenia<\/b><\/span><\/p>\n<p align=\"left\"><span style=\"font-size: x-large;\"><b>* badania psychologiczne i opinie<\/b><\/span><\/p>\n<p><strong>Wsp\u00f3\u0142pracuj\u0119<\/strong> z JP Medica w zakresie \u015bwiadczenia us\u0142ug psychologicznych dla posiadaczy abonament\u00f3w medycznych.<\/p>\n<p><img loading=\"lazy\" decoding=\"async\" class=\"alignnone size-medium wp-image-908\" src=\"https:\/\/zpowrotem.pl\/wp-content\/uploads\/2024\/03\/JP_Medica-300x100.png\" alt=\"\" width=\"300\" height=\"100\" srcset=\"https:\/\/zpowrotem.pl\/wp-content\/uploads\/2024\/03\/JP_Medica-300x100.png 300w, https:\/\/zpowrotem.pl\/wp-content\/uploads\/2024\/03\/JP_Medica-1024x341.png 1024w, https:\/\/zpowrotem.pl\/wp-content\/uploads\/2024\/03\/JP_Medica-768x256.png 768w, https:\/\/zpowrotem.pl\/wp-content\/uploads\/2024\/03\/JP_Medica-1536x512.png 1536w, https:\/\/zpowrotem.pl\/wp-content\/uploads\/2024\/03\/JP_Medica-2048x683.png 2048w, https:\/\/zpowrotem.pl\/wp-content\/uploads\/2024\/03\/JP_Medica-600x200.png 600w, https:\/\/zpowrotem.pl\/wp-content\/uploads\/2024\/03\/JP_Medica-945x315.png 945w\" sizes=\"auto, (max-width: 300px) 100vw, 300px\" \/><\/p>\n<p><span style=\"color: #ff0000;\"><strong>STANDARDY OCHRONY MA\u0141OLETNICH W GABINECIE<\/strong><\/span><\/p>\n<p>W gabinecie psychologicznym zpowrotem.pl przestrzegane s\u0105 Standardy Ochrony Ma\u0142oletnich. Naczeln\u0105 zasad\u0105 w mojej pracy z dzieckiem i\/lub rodzin\u0105 s\u0105 dzia\u0142ania na rzecz dobra dziecka.<\/p>\n<p>Pracuj\u0119 zgodnie ze standardami Kodeksu Etycznego Psychologa Polskiego Towarzystwa Psychologicznego:<\/p>\n<p>https:\/\/psych.org.pl\/dla-psychologow\/kodeks-etyczny<\/p>\n<p>oraz<\/p>\n<p>Kodeksu Etycznego Psychoterapeuty Polskiego Towarzystwa Psychiatrycznego:<\/p>\n<p>https:\/\/sekcjanaukowapsychoterapii.org\/kodeks-etyczny-psychoterapeuty\/<\/p>\n<p><span style=\"font-size: x-large;\"><b>Cennik:<\/b><\/span><\/p>\n<ul>\n<li>Konsultacja psychologiczna stacjonarna &#8211; 150 z\u0142 (50 min.)<\/li>\n<li>Poradnictwo dla par\/ rodzin stacjonarnie &#8211; 220 z\u0142 (90 min.)<\/li>\n<li>Sesja online &#8211; 150 z\u0142 (50 min.)<\/li>\n<li>Inne us\u0142ugi &#8211; szkolenia, warsztaty, wizyty domowe, badania testowe itd. &#8211; uzgadniane indywidualnie<\/li>\n<\/ul>\n<p><strong>P\u0142atno\u015b\u0107<\/strong> za us\u0142ugi:<\/p>\n<p>przelewem na konto bankowe przed sesj\u0105.<\/p>\n<p>Dane do przelewu:<\/p>\n<p>zpowrotem.pl Gabinet psychologiczny Aleksandra Karczmar<\/p>\n<p>ING Bank \u015al\u0105ski I Oddzia\u0142 Wielu\u0144<\/p>\n<p>18 1050 1937 1000 0097 8287 5893<\/p>\n<p>W tytule prosz\u0119 wpisa\u0107 np.: &#8222;Op\u0142ata za konsultacj\u0119 psychologiczn\u0105 Jan Kowalski&#8221;<\/p>\n<p>Mo\u017cesz odwo\u0142a\u0107 jedn\u0105 wizyt\u0119 bezp\u0142atnie, kolejna rezerwacja terminu wymaga p\u0142atno\u015bci z g\u00f3ry.<\/p>\n<p><strong>PORADY ONLINE:<\/strong><\/p>\n<p>Je\u015bli masz ochot\u0119 na rozmow\u0119 ze mn\u0105 w formie online, napisz do mnie wiadomo\u015b\u0107 na maila:<\/p>\n<p>ola.karczmar@poczta.onet.pl<\/p>\n<p>Ustalimy dogodn\u0105 dla Ciebie form\u0119 komunikacji (Zoom, Skype, Google Meet) i termin.<\/p>\n<p><strong>Dlaczego sesje online s\u0105 atrakcyjne?<\/strong><\/p>\n<p>Z do\u015bwiadczenia w\u0142asnego oraz innych psycholog\u00f3w i psychoterapeut\u00f3w wiem, \u017ce cz\u0119sto praca online jest tak samo warto\u015bciowa jak gabinetowa. Jednocze\u015bnie oszcz\u0119dzasz czas na dojazd i nie ograniczasz si\u0119 do wyboru specjalisty, kt\u00f3ry jest w zasi\u0119gu Twoich mo\u017cliwo\u015bci, je\u015bli chodzi o odleg\u0142o\u015b\u0107. Mo\u017cesz wybra\u0107 kogo\u015b, do kogo nie by\u0142by\u015b w stanie bezpo\u015brednio dojecha\u0107.<\/p>\n<p>&nbsp;<\/p>\n","protected":false},"excerpt":{"rendered":"<p>Zapraszam na spotkania w ka\u017cdy pi\u0105tek do Alamed w Wieluniu przy ul. Szkolnej 6. Konieczna wcze\u015bniejsza rejestracja telefoniczna: 511 399 776 OFERUJ\u0118: * konsultacje psychologiczne dla dzieci, m\u0142odzie\u017cy i doros\u0142ych * sesje indywidualne * poradnictwo dla par i rodzin *&#8230; <a class=\"more-link\" href=\"https:\/\/zpowrotem.pl\/index.php\/uslugi\/\">Czytaj dalej &rarr;<\/a><\/p>\n","protected":false},"author":1,"featured_media":931,"parent":0,"menu_order":0,"comment_status":"closed","ping_status":"closed","template":"","meta":{"footnotes":""},"class_list":["post-18","page","type-page","status-publish","has-post-thumbnail","hentry"],"yoast_head":"<!-- This site is optimized with the Yoast SEO plugin v27.4 - https:\/\/yoast.com\/product\/yoast-seo-wordpress\/ -->\n<title>Us\u0142ugi - zpowrotem.pl<\/title>\n<meta name=\"robots\" content=\"index, follow, max-snippet:-1, max-image-preview:large, max-video-preview:-1\" \/>\n<link rel=\"canonical\" href=\"https:\/\/zpowrotem.pl\/index.php\/uslugi\/\" \/>\n<meta property=\"og:locale\" content=\"pl_PL\" \/>\n<meta property=\"og:type\" content=\"article\" \/>\n<meta property=\"og:title\" content=\"Us\u0142ugi - zpowrotem.pl\" \/>\n<meta property=\"og:description\" content=\"Zapraszam na spotkania w ka\u017cdy pi\u0105tek do Alamed w Wieluniu przy ul. Szkolnej 6. Konieczna wcze\u015bniejsza rejestracja telefoniczna: 511 399 776 OFERUJ\u0118: * konsultacje psychologiczne dla dzieci, m\u0142odzie\u017cy i doros\u0142ych * sesje indywidualne * poradnictwo dla par i rodzin *... Czytaj dalej &rarr;\" \/>\n<meta property=\"og:url\" content=\"https:\/\/zpowrotem.pl\/index.php\/uslugi\/\" \/>\n<meta property=\"og:site_name\" content=\"zpowrotem.pl\" \/>\n<meta property=\"article:publisher\" content=\"https:\/\/www.facebook.com\/zpowrotempl\/\" \/>\n<meta property=\"article:modified_time\" content=\"2024-12-08T10:06:52+00:00\" \/>\n<meta property=\"og:image\" content=\"https:\/\/zpowrotem.pl\/wp-content\/uploads\/2024\/12\/SOM.jpg\" \/>\n\t<meta property=\"og:image:width\" content=\"1587\" \/>\n\t<meta property=\"og:image:height\" content=\"2245\" \/>\n\t<meta property=\"og:image:type\" content=\"image\/jpeg\" \/>\n<meta name=\"twitter:card\" content=\"summary_large_image\" \/>\n<meta name=\"twitter:label1\" content=\"Szacowany czas czytania\" \/>\n\t<meta name=\"twitter:data1\" content=\"3 minuty\" \/>\n<script type=\"application\/ld+json\" class=\"yoast-schema-graph\">{\"@context\":\"https:\\\/\\\/schema.org\",\"@graph\":[{\"@type\":\"WebPage\",\"@id\":\"https:\\\/\\\/zpowrotem.pl\\\/index.php\\\/uslugi\\\/\",\"url\":\"https:\\\/\\\/zpowrotem.pl\\\/index.php\\\/uslugi\\\/\",\"name\":\"Us\u0142ugi - zpowrotem.pl\",\"isPartOf\":{\"@id\":\"https:\\\/\\\/zpowrotem.pl\\\/#website\"},\"primaryImageOfPage\":{\"@id\":\"https:\\\/\\\/zpowrotem.pl\\\/index.php\\\/uslugi\\\/#primaryimage\"},\"image\":{\"@id\":\"https:\\\/\\\/zpowrotem.pl\\\/index.php\\\/uslugi\\\/#primaryimage\"},\"thumbnailUrl\":\"https:\\\/\\\/zpowrotem.pl\\\/wp-content\\\/uploads\\\/2024\\\/12\\\/SOM.jpg\",\"datePublished\":\"2020-03-11T20:06:32+00:00\",\"dateModified\":\"2024-12-08T10:06:52+00:00\",\"breadcrumb\":{\"@id\":\"https:\\\/\\\/zpowrotem.pl\\\/index.php\\\/uslugi\\\/#breadcrumb\"},\"inLanguage\":\"pl-PL\",\"potentialAction\":[{\"@type\":\"ReadAction\",\"target\":[\"https:\\\/\\\/zpowrotem.pl\\\/index.php\\\/uslugi\\\/\"]}]},{\"@type\":\"ImageObject\",\"inLanguage\":\"pl-PL\",\"@id\":\"https:\\\/\\\/zpowrotem.pl\\\/index.php\\\/uslugi\\\/#primaryimage\",\"url\":\"https:\\\/\\\/zpowrotem.pl\\\/wp-content\\\/uploads\\\/2024\\\/12\\\/SOM.jpg\",\"contentUrl\":\"https:\\\/\\\/zpowrotem.pl\\\/wp-content\\\/uploads\\\/2024\\\/12\\\/SOM.jpg\",\"width\":1587,\"height\":2245},{\"@type\":\"BreadcrumbList\",\"@id\":\"https:\\\/\\\/zpowrotem.pl\\\/index.php\\\/uslugi\\\/#breadcrumb\",\"itemListElement\":[{\"@type\":\"ListItem\",\"position\":1,\"name\":\"Strona g\u0142\u00f3wna\",\"item\":\"https:\\\/\\\/zpowrotem.pl\\\/\"},{\"@type\":\"ListItem\",\"position\":2,\"name\":\"Us\u0142ugi\"}]},{\"@type\":\"WebSite\",\"@id\":\"https:\\\/\\\/zpowrotem.pl\\\/#website\",\"url\":\"https:\\\/\\\/zpowrotem.pl\\\/\",\"name\":\"zpowrotem.pl\",\"description\":\"psycholog pisze blog\",\"potentialAction\":[{\"@type\":\"SearchAction\",\"target\":{\"@type\":\"EntryPoint\",\"urlTemplate\":\"https:\\\/\\\/zpowrotem.pl\\\/?s={search_term_string}\"},\"query-input\":{\"@type\":\"PropertyValueSpecification\",\"valueRequired\":true,\"valueName\":\"search_term_string\"}}],\"inLanguage\":\"pl-PL\"}]}<\/script>\n<!-- \/ Yoast SEO plugin. -->","yoast_head_json":{"title":"Us\u0142ugi - zpowrotem.pl","robots":{"index":"index","follow":"follow","max-snippet":"max-snippet:-1","max-image-preview":"max-image-preview:large","max-video-preview":"max-video-preview:-1"},"canonical":"https:\/\/zpowrotem.pl\/index.php\/uslugi\/","og_locale":"pl_PL","og_type":"article","og_title":"Us\u0142ugi - zpowrotem.pl","og_description":"Zapraszam na spotkania w ka\u017cdy pi\u0105tek do Alamed w Wieluniu przy ul. Szkolnej 6. Konieczna wcze\u015bniejsza rejestracja telefoniczna: 511 399 776 OFERUJ\u0118: * konsultacje psychologiczne dla dzieci, m\u0142odzie\u017cy i doros\u0142ych * sesje indywidualne * poradnictwo dla par i rodzin *... Czytaj dalej &rarr;","og_url":"https:\/\/zpowrotem.pl\/index.php\/uslugi\/","og_site_name":"zpowrotem.pl","article_publisher":"https:\/\/www.facebook.com\/zpowrotempl\/","article_modified_time":"2024-12-08T10:06:52+00:00","og_image":[{"width":1587,"height":2245,"url":"https:\/\/zpowrotem.pl\/wp-content\/uploads\/2024\/12\/SOM.jpg","type":"image\/jpeg"}],"twitter_card":"summary_large_image","twitter_misc":{"Szacowany czas czytania":"3 minuty"},"schema":{"@context":"https:\/\/schema.org","@graph":[{"@type":"WebPage","@id":"https:\/\/zpowrotem.pl\/index.php\/uslugi\/","url":"https:\/\/zpowrotem.pl\/index.php\/uslugi\/","name":"Us\u0142ugi - zpowrotem.pl","isPartOf":{"@id":"https:\/\/zpowrotem.pl\/#website"},"primaryImageOfPage":{"@id":"https:\/\/zpowrotem.pl\/index.php\/uslugi\/#primaryimage"},"image":{"@id":"https:\/\/zpowrotem.pl\/index.php\/uslugi\/#primaryimage"},"thumbnailUrl":"https:\/\/zpowrotem.pl\/wp-content\/uploads\/2024\/12\/SOM.jpg","datePublished":"2020-03-11T20:06:32+00:00","dateModified":"2024-12-08T10:06:52+00:00","breadcrumb":{"@id":"https:\/\/zpowrotem.pl\/index.php\/uslugi\/#breadcrumb"},"inLanguage":"pl-PL","potentialAction":[{"@type":"ReadAction","target":["https:\/\/zpowrotem.pl\/index.php\/uslugi\/"]}]},{"@type":"ImageObject","inLanguage":"pl-PL","@id":"https:\/\/zpowrotem.pl\/index.php\/uslugi\/#primaryimage","url":"https:\/\/zpowrotem.pl\/wp-content\/uploads\/2024\/12\/SOM.jpg","contentUrl":"https:\/\/zpowrotem.pl\/wp-content\/uploads\/2024\/12\/SOM.jpg","width":1587,"height":2245},{"@type":"BreadcrumbList","@id":"https:\/\/zpowrotem.pl\/index.php\/uslugi\/#breadcrumb","itemListElement":[{"@type":"ListItem","position":1,"name":"Strona g\u0142\u00f3wna","item":"https:\/\/zpowrotem.pl\/"},{"@type":"ListItem","position":2,"name":"Us\u0142ugi"}]},{"@type":"WebSite","@id":"https:\/\/zpowrotem.pl\/#website","url":"https:\/\/zpowrotem.pl\/","name":"zpowrotem.pl","description":"psycholog pisze blog","potentialAction":[{"@type":"SearchAction","target":{"@type":"EntryPoint","urlTemplate":"https:\/\/zpowrotem.pl\/?s={search_term_string}"},"query-input":{"@type":"PropertyValueSpecification","valueRequired":true,"valueName":"search_term_string"}}],"inLanguage":"pl-PL"}]}},"_links":{"self":[{"href":"https:\/\/zpowrotem.pl\/index.php\/wp-json\/wp\/v2\/pages\/18","targetHints":{"allow":["GET"]}}],"collection":[{"href":"https:\/\/zpowrotem.pl\/index.php\/wp-json\/wp\/v2\/pages"}],"about":[{"href":"https:\/\/zpowrotem.pl\/index.php\/wp-json\/wp\/v2\/types\/page"}],"author":[{"embeddable":true,"href":"https:\/\/zpowrotem.pl\/index.php\/wp-json\/wp\/v2\/users\/1"}],"replies":[{"embeddable":true,"href":"https:\/\/zpowrotem.pl\/index.php\/wp-json\/wp\/v2\/comments?post=18"}],"version-history":[{"count":32,"href":"https:\/\/zpowrotem.pl\/index.php\/wp-json\/wp\/v2\/pages\/18\/revisions"}],"predecessor-version":[{"id":945,"href":"https:\/\/zpowrotem.pl\/index.php\/wp-json\/wp\/v2\/pages\/18\/revisions\/945"}],"wp:featuredmedia":[{"embeddable":true,"href":"https:\/\/zpowrotem.pl\/index.php\/wp-json\/wp\/v2\/media\/931"}],"wp:attachment":[{"href":"https:\/\/zpowrotem.pl\/index.php\/wp-json\/wp\/v2\/media?parent=18"}],"curies":[{"name":"wp","href":"https:\/\/api.w.org\/{rel}","templated":true}]}}