{"id":20,"date":"2020-03-11T21:06:40","date_gmt":"2020-03-11T20:06:40","guid":{"rendered":"http:\/\/vzpqwqt.cluster026.hosting.ovh.net\/?page_id=20"},"modified":"2023-05-04T22:00:36","modified_gmt":"2023-05-04T20:00:36","slug":"kontakt","status":"publish","type":"page","link":"https:\/\/zpowrotem.pl\/index.php\/kontakt\/","title":{"rendered":"Kontakt"},"content":{"rendered":"<p>tel. <strong>511 399 776<\/strong><\/p>\n<p>Je\u015bli nie odbieram, zostaw sms, oddzwoni\u0119 do Ciebie.<\/p>\n<p>e-mail:<\/p>\n<p>ola.karczmar@poczta.onet.pl<\/p>\n<p>&nbsp;<\/p>\n<p><strong>Gabinet:<\/strong><\/p>\n<p>Alamed Wielu\u0144<\/p>\n<p>ul. Szkolna 6<\/p>\n<p>98-300 Wielu\u0144<\/p>\n<p>Przyjmuj\u0119 tam wy\u0142\u0105cznie w pi\u0105tki tylko po wcze\u015bniejszym uzgodnieniu telefonicznym.<\/p>\n<p>&nbsp;<\/p>\n<p>&nbsp;<\/p>\n<p>&nbsp;<\/p>\n","protected":false},"excerpt":{"rendered":"<p>tel. 511 399 776 Je\u015bli nie odbieram, zostaw sms, oddzwoni\u0119 do Ciebie. e-mail: ola.karczmar@poczta.onet.pl &nbsp; Gabinet: Alamed Wielu\u0144 ul. Szkolna 6 98-300 Wielu\u0144 Przyjmuj\u0119 tam wy\u0142\u0105cznie w pi\u0105tki tylko po wcze\u015bniejszym uzgodnieniu telefonicznym. &nbsp; &nbsp; &nbsp;<\/p>\n","protected":false},"author":1,"featured_media":0,"parent":0,"menu_order":0,"comment_status":"closed","ping_status":"closed","template":"","meta":{"footnotes":""},"class_list":["post-20","page","type-page","status-publish","hentry"],"yoast_head":"<!-- This site is optimized with the Yoast SEO plugin v27.4 - https:\/\/yoast.com\/product\/yoast-seo-wordpress\/ -->\n<title>Kontakt - zpowrotem.pl<\/title>\n<meta name=\"robots\" content=\"index, follow, max-snippet:-1, max-image-preview:large, max-video-preview:-1\" \/>\n<link rel=\"canonical\" href=\"https:\/\/zpowrotem.pl\/index.php\/kontakt\/\" \/>\n<meta property=\"og:locale\" content=\"pl_PL\" \/>\n<meta property=\"og:type\" content=\"article\" \/>\n<meta property=\"og:title\" content=\"Kontakt - zpowrotem.pl\" \/>\n<meta property=\"og:description\" content=\"tel. 511 399 776 Je\u015bli nie odbieram, zostaw sms, oddzwoni\u0119 do Ciebie. e-mail: ola.karczmar@poczta.onet.pl &nbsp; Gabinet: Alamed Wielu\u0144 ul. Szkolna 6 98-300 Wielu\u0144 Przyjmuj\u0119 tam wy\u0142\u0105cznie w pi\u0105tki tylko po wcze\u015bniejszym uzgodnieniu telefonicznym. &nbsp; &nbsp; &nbsp;\" \/>\n<meta property=\"og:url\" content=\"https:\/\/zpowrotem.pl\/index.php\/kontakt\/\" \/>\n<meta property=\"og:site_name\" content=\"zpowrotem.pl\" \/>\n<meta property=\"article:publisher\" content=\"https:\/\/www.facebook.com\/zpowrotempl\/\" \/>\n<meta property=\"article:modified_time\" content=\"2023-05-04T20:00:36+00:00\" \/>\n<meta name=\"twitter:card\" content=\"summary_large_image\" \/>\n<meta name=\"twitter:label1\" content=\"Szacowany czas czytania\" \/>\n\t<meta name=\"twitter:data1\" content=\"1 minuta\" \/>\n<script type=\"application\/ld+json\" class=\"yoast-schema-graph\">{\"@context\":\"https:\\\/\\\/schema.org\",\"@graph\":[{\"@type\":\"WebPage\",\"@id\":\"https:\\\/\\\/zpowrotem.pl\\\/index.php\\\/kontakt\\\/\",\"url\":\"https:\\\/\\\/zpowrotem.pl\\\/index.php\\\/kontakt\\\/\",\"name\":\"Kontakt - zpowrotem.pl\",\"isPartOf\":{\"@id\":\"https:\\\/\\\/zpowrotem.pl\\\/#website\"},\"datePublished\":\"2020-03-11T20:06:40+00:00\",\"dateModified\":\"2023-05-04T20:00:36+00:00\",\"breadcrumb\":{\"@id\":\"https:\\\/\\\/zpowrotem.pl\\\/index.php\\\/kontakt\\\/#breadcrumb\"},\"inLanguage\":\"pl-PL\",\"potentialAction\":[{\"@type\":\"ReadAction\",\"target\":[\"https:\\\/\\\/zpowrotem.pl\\\/index.php\\\/kontakt\\\/\"]}]},{\"@type\":\"BreadcrumbList\",\"@id\":\"https:\\\/\\\/zpowrotem.pl\\\/index.php\\\/kontakt\\\/#breadcrumb\",\"itemListElement\":[{\"@type\":\"ListItem\",\"position\":1,\"name\":\"Strona g\u0142\u00f3wna\",\"item\":\"https:\\\/\\\/zpowrotem.pl\\\/\"},{\"@type\":\"ListItem\",\"position\":2,\"name\":\"Kontakt\"}]},{\"@type\":\"WebSite\",\"@id\":\"https:\\\/\\\/zpowrotem.pl\\\/#website\",\"url\":\"https:\\\/\\\/zpowrotem.pl\\\/\",\"name\":\"zpowrotem.pl\",\"description\":\"psycholog pisze blog\",\"potentialAction\":[{\"@type\":\"SearchAction\",\"target\":{\"@type\":\"EntryPoint\",\"urlTemplate\":\"https:\\\/\\\/zpowrotem.pl\\\/?s={search_term_string}\"},\"query-input\":{\"@type\":\"PropertyValueSpecification\",\"valueRequired\":true,\"valueName\":\"search_term_string\"}}],\"inLanguage\":\"pl-PL\"}]}<\/script>\n<!-- \/ Yoast SEO plugin. -->","yoast_head_json":{"title":"Kontakt - zpowrotem.pl","robots":{"index":"index","follow":"follow","max-snippet":"max-snippet:-1","max-image-preview":"max-image-preview:large","max-video-preview":"max-video-preview:-1"},"canonical":"https:\/\/zpowrotem.pl\/index.php\/kontakt\/","og_locale":"pl_PL","og_type":"article","og_title":"Kontakt - zpowrotem.pl","og_description":"tel. 511 399 776 Je\u015bli nie odbieram, zostaw sms, oddzwoni\u0119 do Ciebie. e-mail: ola.karczmar@poczta.onet.pl &nbsp; Gabinet: Alamed Wielu\u0144 ul. Szkolna 6 98-300 Wielu\u0144 Przyjmuj\u0119 tam wy\u0142\u0105cznie w pi\u0105tki tylko po wcze\u015bniejszym uzgodnieniu telefonicznym. &nbsp; &nbsp; &nbsp;","og_url":"https:\/\/zpowrotem.pl\/index.php\/kontakt\/","og_site_name":"zpowrotem.pl","article_publisher":"https:\/\/www.facebook.com\/zpowrotempl\/","article_modified_time":"2023-05-04T20:00:36+00:00","twitter_card":"summary_large_image","twitter_misc":{"Szacowany czas czytania":"1 minuta"},"schema":{"@context":"https:\/\/schema.org","@graph":[{"@type":"WebPage","@id":"https:\/\/zpowrotem.pl\/index.php\/kontakt\/","url":"https:\/\/zpowrotem.pl\/index.php\/kontakt\/","name":"Kontakt - zpowrotem.pl","isPartOf":{"@id":"https:\/\/zpowrotem.pl\/#website"},"datePublished":"2020-03-11T20:06:40+00:00","dateModified":"2023-05-04T20:00:36+00:00","breadcrumb":{"@id":"https:\/\/zpowrotem.pl\/index.php\/kontakt\/#breadcrumb"},"inLanguage":"pl-PL","potentialAction":[{"@type":"ReadAction","target":["https:\/\/zpowrotem.pl\/index.php\/kontakt\/"]}]},{"@type":"BreadcrumbList","@id":"https:\/\/zpowrotem.pl\/index.php\/kontakt\/#breadcrumb","itemListElement":[{"@type":"ListItem","position":1,"name":"Strona g\u0142\u00f3wna","item":"https:\/\/zpowrotem.pl\/"},{"@type":"ListItem","position":2,"name":"Kontakt"}]},{"@type":"WebSite","@id":"https:\/\/zpowrotem.pl\/#website","url":"https:\/\/zpowrotem.pl\/","name":"zpowrotem.pl","description":"psycholog pisze blog","potentialAction":[{"@type":"SearchAction","target":{"@type":"EntryPoint","urlTemplate":"https:\/\/zpowrotem.pl\/?s={search_term_string}"},"query-input":{"@type":"PropertyValueSpecification","valueRequired":true,"valueName":"search_term_string"}}],"inLanguage":"pl-PL"}]}},"_links":{"self":[{"href":"https:\/\/zpowrotem.pl\/index.php\/wp-json\/wp\/v2\/pages\/20","targetHints":{"allow":["GET"]}}],"collection":[{"href":"https:\/\/zpowrotem.pl\/index.php\/wp-json\/wp\/v2\/pages"}],"about":[{"href":"https:\/\/zpowrotem.pl\/index.php\/wp-json\/wp\/v2\/types\/page"}],"author":[{"embeddable":true,"href":"https:\/\/zpowrotem.pl\/index.php\/wp-json\/wp\/v2\/users\/1"}],"replies":[{"embeddable":true,"href":"https:\/\/zpowrotem.pl\/index.php\/wp-json\/wp\/v2\/comments?post=20"}],"version-history":[{"count":14,"href":"https:\/\/zpowrotem.pl\/index.php\/wp-json\/wp\/v2\/pages\/20\/revisions"}],"predecessor-version":[{"id":835,"href":"https:\/\/zpowrotem.pl\/index.php\/wp-json\/wp\/v2\/pages\/20\/revisions\/835"}],"wp:attachment":[{"href":"https:\/\/zpowrotem.pl\/index.php\/wp-json\/wp\/v2\/media?parent=20"}],"curies":[{"name":"wp","href":"https:\/\/api.w.org\/{rel}","templated":true}]}}