{"id":60,"date":"2020-03-19T17:22:05","date_gmt":"2020-03-19T16:22:05","guid":{"rendered":"http:\/\/vzpqwqt.cluster026.hosting.ovh.net\/?page_id=60"},"modified":"2023-05-03T16:17:37","modified_gmt":"2023-05-03T14:17:37","slug":"polityka-prywatnosci","status":"publish","type":"page","link":"https:\/\/zpowrotem.pl\/index.php\/polityka-prywatnosci\/","title":{"rendered":"Polityka prywatno\u015bci"},"content":{"rendered":"<header class=\"entry-header\"><\/header>\n<div class=\"entry-content clearfix\">\n<p style=\"text-align: justify;\">Nazywam si\u0119 Aleksandra Karczmar. Jestem autork\u0105 bloga znajduj\u0105cego si\u0119 pod adresem: http:\/\/zpowrotem.pl.<\/p>\n<p style=\"text-align: justify;\">Jestem tak\u017ce Administratorem Danych pozostawianych przez U\u017cytkownik\u00f3w strony oraz gromadzonych przez stron\u0119. Prowadz\u0119 dzia\u0142alno\u015b\u0107 gospodarcz\u0105 pod nazw\u0105 zpowrotem.pl Gabinet psychologiczny Aleksandra Karczmar z siedzib\u0105 w Wieluniu 98-300 NIP: 832-18-69-361, REGON: 368878275. Kontakt ze mn\u0105 jest mo\u017cliwy pod adresem: ola.karczmar@poczta.onet.pl.<\/p>\n<p style=\"text-align: justify;\">W tym dokumencie chcia\u0142abym poinformowa\u0107 o zasadach przetwarzania danych osobowych oraz wykorzystywania plik\u00f3w cookies.<\/p>\n<h3 style=\"text-align: justify;\">Dane osobowe<\/h3>\n<p style=\"text-align: justify;\">Korzystaj\u0105c z bloga mo\u017cesz przekazywa\u0107 dane osobowe pozostawiaj\u0105c komentarze pod wpisami umieszczonymi na blogu.<\/p>\n<p style=\"text-align: justify;\">Podanie przez Ciebie danych jest dobrowolne i niezb\u0119dne w celu umieszczenia komentarza pod wpisem na blogu. W przypadku komentarzy niezb\u0119dne jest przetwarzanie danych podanych przez U\u017cytkownika oraz w tre\u015bci komentarza, a tak\u017ce IP komentuj\u0105cego w celu zapobiegania spamowi.<\/p>\n<p style=\"text-align: justify;\">Gwarantuj\u0119 poufno\u015b\u0107 wszelkich przekazanych mi danych osobowych oraz informuj\u0119, \u017ce nie udost\u0119pniam przekazanych mi danych jakimkolwiek podmiotom trzecim.<\/p>\n<p style=\"text-align: justify;\">Dane osobowe gromadz\u0119 z nale\u017cyt\u0105 staranno\u015bci\u0105, gdy\u017c podj\u0119\u0142am niezb\u0119dne czynno\u015bci celem ich ochrony przed dost\u0119pem przez osoby do tego nieupowa\u017cnione. Wdro\u017cy\u0142am r\u00f3wnie\u017c wymagania przewidziane Rozporz\u0105dzeniem Parlamentu Europejskiego i Rady (UE) 2016\/679 z dnia 27 kwietnia 2016 r. w sprawie ochrony os\u00f3b fizycznych w zwi\u0105zku z przetwarzaniem danych osobowych i w sprawie swobodnego przep\u0142ywu takich danych oraz uchylenia dyrektywy 95\/46\/WE (og\u00f3lne rozporz\u0105dzenie o ochronie danych, RODO, GDPR).<\/p>\n<p style=\"text-align: justify;\">Stosuj\u0119 \u015brodki techniczne i organizacyjne zapewniaj\u0105ce ochron\u0119 przetwarzania danych osobowych odpowiedni\u0105 do zagro\u017ce\u0144 oraz kategorii danych, w tym w celu zabezpieczenia ich przed udost\u0119pnieniem osobom nieuprawnionym, przetwarzaniem z naruszeniem przepis\u00f3w prawa, zmian\u0105, utrat\u0105, uszkodzeniem lub zniszczeniem.<\/p>\n<p style=\"text-align: justify;\">W przypadku pozostawienia komentarzy pod wpisami na stronie\/blogu dane osobowe przechowywane s\u0105 do czasu zako\u0144czenia prowadzenia bloga, usuni\u0119cia wpisu z bloga lub do czasu usuni\u0119cia komentarza.<\/p>\n<p style=\"text-align: justify;\">B\u0119d\u0105c U\u017cytkownikiem bloga masz prawo do:<\/p>\n<p style=\"text-align: justify;\">\u2013 \u017c\u0105dania dost\u0119pu do swoich danych, ich sprostowania, usuni\u0119cia lub ograniczenia ich przetwarzania,<\/p>\n<p style=\"text-align: justify;\">\u2013 wniesienia sprzeciwu wobec przetwarzania,<\/p>\n<p style=\"text-align: justify;\">\u2013 przenoszenia danych, cofni\u0119cia zgody na przetwarzanie danych osobowych w dowolnym momencie bez wp\u0142ywu na zgodno\u015b\u0107 z prawem przetwarzania, je\u017celi przetwarzanie odbywa si\u0119 na podstawie zgody,<\/p>\n<p style=\"text-align: justify;\">\u2013 wniesienia skargi do organu nadzorczego w zwi\u0105zku z przetwarzaniem danych osobowych przez Administratora.<\/p>\n<p style=\"text-align: justify;\">Osoby niepe\u0142noletnie lub maj\u0105ce ograniczon\u0105 zdolno\u015b\u0107 do czynno\u015bci prawnych mog\u0105 wprowadza\u0107 dane osobowe (oraz korzysta\u0107 ze bloga) wy\u0142\u0105cznie wtedy, gdy osi\u0105gn\u0119\u0142y wiek umo\u017cliwiaj\u0105cy im samodzielne wyra\u017canie zgody na przetwarzanie ich danych osobowych.<\/p>\n<p style=\"text-align: justify;\">Dane osobowe s\u0105 powierzane firmie hostingowej OVH Sp. z o.o S\u0105d Rejonowy dla Wroc\u0142awia &#8211; Fabrycznej we Wroc\u0142awiu VI Wydzia\u0142 Gospodarczy Krajowego Rejestru S\u0105dowego<br \/>\nNr KRS: 0000220286 REGON: 933029040 NIP: 899-25-20-556 ul. Swobodna 1 50-088 Wroc\u0142aw \u2013 w celu przechowywania danych osobowych na serwerze.<\/p>\n<h3 style=\"text-align: justify;\"><strong>Komentarze<\/strong><\/h3>\n<p style=\"text-align: justify;\">Dodaj\u0105c komentarz na blogu r\u00f3wnie\u017c przekazujesz dane osobowe w zakresie, w jakim je tam umie\u015bcisz oraz w tre\u015bci komentarza. Ponadto, w systemie odnotowywany jest adres IP, z wykorzystaniem kt\u00f3rego dodajesz komentarz.<\/p>\n<p style=\"text-align: justify;\">Dane zostaj\u0105 zapisane w bazie systemu WordPress. Dane w bazie mojego systemu WordPress s\u0105 w niej przechowywane przez ca\u0142y okres funkcjonowania bloga. Dane zostan\u0105 usuni\u0119te z bazy, gdy podejm\u0119 decyzj\u0119 o zamkni\u0119ciu bloga lub usun\u0119 wpis lub komentarz.<\/p>\n<p style=\"text-align: justify;\">Twoje dane s\u0105 w tym przypadku przetwarzane na podstawie Twojej zgody wynikaj\u0105cej z dodania komentarza. Dane przetwarzane s\u0105 wy\u0142\u0105cznie w celu opublikowania komentarza na blogu. Cz\u0119\u015b\u0107 danych (nazwa) b\u0119d\u0105 dost\u0119pne publicznie na blogu przy Twoim komentarzu.<\/p>\n<h3 style=\"text-align: justify;\"><strong>E-mail<\/strong><\/h3>\n<p style=\"text-align: justify;\">Wysy\u0142aj\u0105c do mnie za po\u015brednictwem poczty elektronicznej wiadomo\u015b\u0107 przekazujesz mi sw\u00f3j adres e-mail jako adres nadawcy wiadomo\u015bci. Ponadto, w tre\u015bci wiadomo\u015bci mo\u017cesz zawrze\u0107 r\u00f3wnie\u017c inne dane osobowe. Podstaw\u0105 przetwarzania danych osobowych w takim przypadku jest Twoja zgoda wynikaj\u0105ca z zainicjowania ze mn\u0105 kontaktu. Twoje dane osobowe przekazywane mi w ramach kontaktu e-mailowego przetwarzane s\u0105 wy\u0142\u0105cznie w celu obs\u0142ugi Twojego zapytania. Tre\u015b\u0107 korespondencji mo\u017ce podlega\u0107 archiwizacji.<\/p>\n<h3 style=\"text-align: justify;\">Pliki cookies<\/h3>\n<p style=\"text-align: justify;\">Pliki cookies dziel\u0105 si\u0119 na:<\/p>\n<p style=\"text-align: justify;\">\u2013 cookies sesyjne (session cookies), s\u0105 przechowywane na urz\u0105dzeniu wykorzystywanym przez U\u017cytkownika do momentu wylogowania si\u0119, opuszczenia strony internetowej lub zamkni\u0119cia przegl\u0105darki internetowej,<\/p>\n<p style=\"text-align: justify;\">\u2013 cookies sta\u0142e (persistent cookies), s\u0105 przechowywane na urz\u0105dzeniu ko\u0144cowym U\u017cytkownika przez okre\u015blony czas lub do ich samodzielnego usuni\u0119cia przez U\u017cytkownika,<\/p>\n<p style=\"text-align: justify;\">\u2013 cookies podmiot\u00f3w zewn\u0119trznych (third parties cookies), pochodz\u0105ce od podmiot\u00f3w trzecich, kt\u00f3re pozwalaj\u0105 m.in. dostosowa\u0107 reklamy, tre\u015bci i spos\u00f3b ich wy\u015bwietlania do preferencji U\u017cytkownika, a tak\u017ce ustali\u0107 skuteczno\u015b\u0107 dzia\u0142a\u0144 reklamowych (np. Google, Youtube, Instagram, Pinterest, Facebook).<br \/>\nU\u017cytkownik mo\u017ce samodzielnie w ustawieniach wykorzystywanej przez siebie przegl\u0105darki internetowej okre\u015bli\u0107, czy wyra\u017ca zgod\u0119 na zapisywania plik\u00f3w cookies przez t\u0119 przegl\u0105dark\u0119.<\/p>\n<p style=\"text-align: justify;\">Wykorzystuj\u0119 pliki cookies (ciasteczka), czyli informacje tekstowe, przechowywane na urz\u0105dzeniu ko\u0144cowym U\u017cytkownika (np. komputerze, tablecie, smartfonie). Cookies mog\u0105 by\u0107 odczytywane przez m\u00f3j system teleinformatyczny.<\/p>\n<p style=\"text-align: justify;\">Przechowuj\u0119 pliki cookies na urz\u0105dzeniu ko\u0144cowym U\u017cytkownika, a nast\u0119pnie uzyskuj\u0119 dost\u0119p do informacji w nich zawartych aby u\u0142atwi\u0107 korzystanie z bloga i analizowanie zachowa\u0144 U\u017cytkownik\u00f3w w ramach strony\/bloga, w tym do:<\/p>\n<p style=\"text-align: justify;\">\u2013 tworzenia statystyk, kt\u00f3re pomagaj\u0105 zrozumie\u0107, w jaki spos\u00f3b U\u017cytkownicy korzystaj\u0105 z bloga, co umo\u017cliwia mi ulepszanie ich struktury i zawarto\u015bci;<\/p>\n<p style=\"text-align: justify;\">\u2013 marketingowych;<\/p>\n<p style=\"text-align: justify;\">\u2013 okre\u015blania profilu u\u017cytkownika w celu wy\u015bwietlania dopasowanych materia\u0142\u00f3w w sieciach reklamowych,<\/p>\n<p style=\"text-align: justify;\">\u2013 zapewnienia prawid\u0142owego dzia\u0142ania bloga.<\/p>\n<p style=\"text-align: justify;\">Podczas pierwszej wizyty na stronie wy\u015bwietlana jest Ci informacja na temat stosowania plik\u00f3w cookies. Zaakceptowanie i zamkni\u0119cie tej informacji oznacza, \u017ce wyra\u017casz zgod\u0119 na wykorzystywanie plik\u00f3w cookies zgodnie z postanowieniami niniejszej polityki prywatno\u015bci. Zgod\u0119 zawsze mo\u017cesz wycofa\u0107, usuwaj\u0105c pliki cookies oraz zmieniaj\u0105c ustawienia plik\u00f3w cookies w Twojej przegl\u0105darce.<\/p>\n<p style=\"text-align: justify;\">Pliki cookies mog\u0105 by\u0107 przez U\u017cytkownika usuni\u0119te po ich zapisaniu, poprzez odpowiednie funkcje przegl\u0105darki internetowej, programy s\u0142u\u017c\u0105ce w tym celu lub skorzystanie z odpowiednich narz\u0119dzi dost\u0119pnych w ramach systemu operacyjnego, z kt\u00f3rego korzysta U\u017cytkownik.<\/p>\n<p style=\"text-align: justify;\">Wykorzystuj\u0119 cookies w\u0142asne w celu analiz i badan\u0301 oraz audytu ogl\u0105dalno\u015bci, a w szczeg\u00f3lno\u015bci do tworzenia anonimowych statystyk, kt\u00f3re pomagaj\u0105 zrozumie\u0107, w jaki spos\u00f3b U\u017cytkownicy bloga korzystaj\u0105\u0328 z niej, co umo\u017cliwia ulepszanie ich struktury i zawarto\u015bci.<\/p>\n<p style=\"text-align: justify;\">Wykorzystuj\u0119 cookies do \u015bledzenia statystyk, takich jak liczba os\u00f3b odwiedzaj\u0105cych, rodzaj systemu operacyjnego i przegl\u0105darki internetowej wykorzystywanej do przegl\u0105dania strony, czas sp\u0119dzony na stronie, odwiedzone podstrony etc.<\/p>\n<p style=\"text-align: justify;\">Korzystam w tym zakresie z narz\u0119dzia Google Analytics. Zbierane w tym zakresie informacje s\u0105 ca\u0142kowicie anonimowe i nie pozwalaj\u0105 na Twoj\u0105 identyfikacj\u0119. W tym celu wykorzystywane s\u0105 pliki cookies firmy Google LLC dotycz\u0105ce us\u0142ugi Google Analytics.<\/p>\n<p style=\"text-align: justify;\">Korzystanie z us\u0142ug Google Analytics wi\u0105\u017ce si\u0119 z zaimplementowaniem w kodzie bloga udost\u0119pnionego przez Google kodu \u015bledz\u0105cego (tzw. tracking code). Kod ten bazuje na plikach cookies, ale mo\u017ce wykorzystywa\u0107 r\u00f3wnie\u017c inne technologie \u015bledz\u0105ce.<\/p>\n<p style=\"text-align: justify;\">Zapewniam mo\u017cliwo\u015b\u0107 korzystania z funkcji spo\u0142eczno\u015bciowych, takich jak udost\u0119pnianie tre\u015bci w serwisach spo\u0142eczno\u015bciowych oraz subskrypcja profilu spo\u0142eczno\u015bciowego. Korzystanie z tych funkcji wi\u0105\u017ce si\u0119 z wykorzystywaniem plik\u00f3w cookies administrator\u00f3w serwis\u00f3w spo\u0142eczno\u015bciowych takich jak Facebook, Instagram, YouTube, Pinterest.<\/p>\n<h3 style=\"text-align: justify;\">Serwer<\/h3>\n<p style=\"text-align: justify;\">Korzystanie ze strony\/bloga wi\u0105\u017ce si\u0119 z przesy\u0142aniem zapyta\u0144 do serwera, na kt\u00f3rym przechowywany jest blog. Ka\u017cde zapytanie skierowane do serwera zapisywane jest w logach serwera. Logi obejmuj\u0105 m.in. adres IP U\u017cytkownika, dat\u0119 i czas serwera, informacje o przegl\u0105darce internetowej i systemie operacyjnym, z jakiego korzysta U\u017cytkownik. Logi zapisywane i przechowywane s\u0105 na serwerze. Dane zapisane w logach serwera nie s\u0105 kojarzone z konkretnymi osobami korzystaj\u0105cymi z bloga i nie s\u0105 wykorzystywane w celu identyfikacji U\u017cytkownika. Logi serwera stanowi\u0105 wy\u0142\u0105cznie materia\u0142 pomocniczy s\u0142u\u017c\u0105cy do administrowania blogiem, a ich zawarto\u015b\u0107 nie jest ujawniana nikomu poza osobami upowa\u017cnionymi do administrowania serwerem.<br \/>\nAnonimowe dane eksploatacyjne, czyli logi mog\u0105 by\u0107 dost\u0119pne dla podmiotu udost\u0119pniaj\u0105cego us\u0142ug\u0119 generowania statystyk pomocnych w administrowaniu Serwisu (takich jak np. dane pozyskiwane za pomoc\u0105 us\u0142ugi Google Analytics przez Google).<\/p>\n<h3 style=\"text-align: justify;\">Zmiana polityki prywatno\u015bci<\/h3>\n<p style=\"text-align: justify;\">Administrator zastrzega sobie prawo do zmiany polityki prywatno\u015bci, o ile b\u0119dzie wymaga\u0107 tego obowi\u0105zuj\u0105ce prawo, ulegn\u0105 zmianie warunki technologiczne funkcjonowania bloga lub zmiana b\u0119dzie wprowadza\u0107 standard wy\u017cszy od minimum wymaganego prawem.<\/p>\n<\/div>\n","protected":false},"excerpt":{"rendered":"<p>Nazywam si\u0119 Aleksandra Karczmar. Jestem autork\u0105 bloga znajduj\u0105cego si\u0119 pod adresem: http:\/\/zpowrotem.pl. Jestem tak\u017ce Administratorem Danych pozostawianych przez U\u017cytkownik\u00f3w strony oraz gromadzonych przez stron\u0119. Prowadz\u0119 dzia\u0142alno\u015b\u0107 gospodarcz\u0105 pod nazw\u0105 zpowrotem.pl Gabinet psychologiczny Aleksandra Karczmar z siedzib\u0105 w Wieluniu 98-300 NIP:&#8230; <a class=\"more-link\" href=\"https:\/\/zpowrotem.pl\/index.php\/polityka-prywatnosci\/\">Czytaj dalej &rarr;<\/a><\/p>\n","protected":false},"author":1,"featured_media":0,"parent":0,"menu_order":0,"comment_status":"closed","ping_status":"closed","template":"","meta":{"footnotes":""},"class_list":["post-60","page","type-page","status-publish","hentry"],"yoast_head":"<!-- This site is optimized with the Yoast SEO plugin v27.4 - https:\/\/yoast.com\/product\/yoast-seo-wordpress\/ -->\n<title>Polityka prywatno\u015bci - zpowrotem.pl<\/title>\n<meta name=\"robots\" content=\"index, follow, max-snippet:-1, max-image-preview:large, max-video-preview:-1\" \/>\n<link rel=\"canonical\" href=\"https:\/\/zpowrotem.pl\/index.php\/polityka-prywatnosci\/\" \/>\n<meta property=\"og:locale\" content=\"pl_PL\" \/>\n<meta property=\"og:type\" content=\"article\" \/>\n<meta property=\"og:title\" content=\"Polityka prywatno\u015bci - zpowrotem.pl\" \/>\n<meta property=\"og:description\" content=\"Nazywam si\u0119 Aleksandra Karczmar. Jestem autork\u0105 bloga znajduj\u0105cego si\u0119 pod adresem: http:\/\/zpowrotem.pl. Jestem tak\u017ce Administratorem Danych pozostawianych przez U\u017cytkownik\u00f3w strony oraz gromadzonych przez stron\u0119. Prowadz\u0119 dzia\u0142alno\u015b\u0107 gospodarcz\u0105 pod nazw\u0105 zpowrotem.pl Gabinet psychologiczny Aleksandra Karczmar z siedzib\u0105 w Wieluniu 98-300 NIP:... Czytaj dalej &rarr;\" \/>\n<meta property=\"og:url\" content=\"https:\/\/zpowrotem.pl\/index.php\/polityka-prywatnosci\/\" \/>\n<meta property=\"og:site_name\" content=\"zpowrotem.pl\" \/>\n<meta property=\"article:publisher\" content=\"https:\/\/www.facebook.com\/zpowrotempl\/\" \/>\n<meta property=\"article:modified_time\" content=\"2023-05-03T14:17:37+00:00\" \/>\n<meta name=\"twitter:card\" content=\"summary_large_image\" \/>\n<meta name=\"twitter:label1\" content=\"Szacowany czas czytania\" \/>\n\t<meta name=\"twitter:data1\" content=\"8 minut\" \/>\n<script type=\"application\/ld+json\" class=\"yoast-schema-graph\">{\"@context\":\"https:\\\/\\\/schema.org\",\"@graph\":[{\"@type\":\"WebPage\",\"@id\":\"https:\\\/\\\/zpowrotem.pl\\\/index.php\\\/polityka-prywatnosci\\\/\",\"url\":\"https:\\\/\\\/zpowrotem.pl\\\/index.php\\\/polityka-prywatnosci\\\/\",\"name\":\"Polityka prywatno\u015bci - zpowrotem.pl\",\"isPartOf\":{\"@id\":\"https:\\\/\\\/zpowrotem.pl\\\/#website\"},\"datePublished\":\"2020-03-19T16:22:05+00:00\",\"dateModified\":\"2023-05-03T14:17:37+00:00\",\"breadcrumb\":{\"@id\":\"https:\\\/\\\/zpowrotem.pl\\\/index.php\\\/polityka-prywatnosci\\\/#breadcrumb\"},\"inLanguage\":\"pl-PL\",\"potentialAction\":[{\"@type\":\"ReadAction\",\"target\":[\"https:\\\/\\\/zpowrotem.pl\\\/index.php\\\/polityka-prywatnosci\\\/\"]}]},{\"@type\":\"BreadcrumbList\",\"@id\":\"https:\\\/\\\/zpowrotem.pl\\\/index.php\\\/polityka-prywatnosci\\\/#breadcrumb\",\"itemListElement\":[{\"@type\":\"ListItem\",\"position\":1,\"name\":\"Strona g\u0142\u00f3wna\",\"item\":\"https:\\\/\\\/zpowrotem.pl\\\/\"},{\"@type\":\"ListItem\",\"position\":2,\"name\":\"Polityka prywatno\u015bci\"}]},{\"@type\":\"WebSite\",\"@id\":\"https:\\\/\\\/zpowrotem.pl\\\/#website\",\"url\":\"https:\\\/\\\/zpowrotem.pl\\\/\",\"name\":\"zpowrotem.pl\",\"description\":\"psycholog pisze blog\",\"potentialAction\":[{\"@type\":\"SearchAction\",\"target\":{\"@type\":\"EntryPoint\",\"urlTemplate\":\"https:\\\/\\\/zpowrotem.pl\\\/?s={search_term_string}\"},\"query-input\":{\"@type\":\"PropertyValueSpecification\",\"valueRequired\":true,\"valueName\":\"search_term_string\"}}],\"inLanguage\":\"pl-PL\"}]}<\/script>\n<!-- \/ Yoast SEO plugin. -->","yoast_head_json":{"title":"Polityka prywatno\u015bci - zpowrotem.pl","robots":{"index":"index","follow":"follow","max-snippet":"max-snippet:-1","max-image-preview":"max-image-preview:large","max-video-preview":"max-video-preview:-1"},"canonical":"https:\/\/zpowrotem.pl\/index.php\/polityka-prywatnosci\/","og_locale":"pl_PL","og_type":"article","og_title":"Polityka prywatno\u015bci - zpowrotem.pl","og_description":"Nazywam si\u0119 Aleksandra Karczmar. Jestem autork\u0105 bloga znajduj\u0105cego si\u0119 pod adresem: http:\/\/zpowrotem.pl. Jestem tak\u017ce Administratorem Danych pozostawianych przez U\u017cytkownik\u00f3w strony oraz gromadzonych przez stron\u0119. Prowadz\u0119 dzia\u0142alno\u015b\u0107 gospodarcz\u0105 pod nazw\u0105 zpowrotem.pl Gabinet psychologiczny Aleksandra Karczmar z siedzib\u0105 w Wieluniu 98-300 NIP:... Czytaj dalej &rarr;","og_url":"https:\/\/zpowrotem.pl\/index.php\/polityka-prywatnosci\/","og_site_name":"zpowrotem.pl","article_publisher":"https:\/\/www.facebook.com\/zpowrotempl\/","article_modified_time":"2023-05-03T14:17:37+00:00","twitter_card":"summary_large_image","twitter_misc":{"Szacowany czas czytania":"8 minut"},"schema":{"@context":"https:\/\/schema.org","@graph":[{"@type":"WebPage","@id":"https:\/\/zpowrotem.pl\/index.php\/polityka-prywatnosci\/","url":"https:\/\/zpowrotem.pl\/index.php\/polityka-prywatnosci\/","name":"Polityka prywatno\u015bci - zpowrotem.pl","isPartOf":{"@id":"https:\/\/zpowrotem.pl\/#website"},"datePublished":"2020-03-19T16:22:05+00:00","dateModified":"2023-05-03T14:17:37+00:00","breadcrumb":{"@id":"https:\/\/zpowrotem.pl\/index.php\/polityka-prywatnosci\/#breadcrumb"},"inLanguage":"pl-PL","potentialAction":[{"@type":"ReadAction","target":["https:\/\/zpowrotem.pl\/index.php\/polityka-prywatnosci\/"]}]},{"@type":"BreadcrumbList","@id":"https:\/\/zpowrotem.pl\/index.php\/polityka-prywatnosci\/#breadcrumb","itemListElement":[{"@type":"ListItem","position":1,"name":"Strona g\u0142\u00f3wna","item":"https:\/\/zpowrotem.pl\/"},{"@type":"ListItem","position":2,"name":"Polityka prywatno\u015bci"}]},{"@type":"WebSite","@id":"https:\/\/zpowrotem.pl\/#website","url":"https:\/\/zpowrotem.pl\/","name":"zpowrotem.pl","description":"psycholog pisze blog","potentialAction":[{"@type":"SearchAction","target":{"@type":"EntryPoint","urlTemplate":"https:\/\/zpowrotem.pl\/?s={search_term_string}"},"query-input":{"@type":"PropertyValueSpecification","valueRequired":true,"valueName":"search_term_string"}}],"inLanguage":"pl-PL"}]}},"_links":{"self":[{"href":"https:\/\/zpowrotem.pl\/index.php\/wp-json\/wp\/v2\/pages\/60","targetHints":{"allow":["GET"]}}],"collection":[{"href":"https:\/\/zpowrotem.pl\/index.php\/wp-json\/wp\/v2\/pages"}],"about":[{"href":"https:\/\/zpowrotem.pl\/index.php\/wp-json\/wp\/v2\/types\/page"}],"author":[{"embeddable":true,"href":"https:\/\/zpowrotem.pl\/index.php\/wp-json\/wp\/v2\/users\/1"}],"replies":[{"embeddable":true,"href":"https:\/\/zpowrotem.pl\/index.php\/wp-json\/wp\/v2\/comments?post=60"}],"version-history":[{"count":12,"href":"https:\/\/zpowrotem.pl\/index.php\/wp-json\/wp\/v2\/pages\/60\/revisions"}],"predecessor-version":[{"id":833,"href":"https:\/\/zpowrotem.pl\/index.php\/wp-json\/wp\/v2\/pages\/60\/revisions\/833"}],"wp:attachment":[{"href":"https:\/\/zpowrotem.pl\/index.php\/wp-json\/wp\/v2\/media?parent=60"}],"curies":[{"name":"wp","href":"https:\/\/api.w.org\/{rel}","templated":true}]}}