{"id":827,"date":"2023-05-03T15:39:26","date_gmt":"2023-05-03T13:39:26","guid":{"rendered":"https:\/\/zpowrotem.pl\/?page_id=827"},"modified":"2023-05-03T17:13:26","modified_gmt":"2023-05-03T15:13:26","slug":"klauzula-informacyjna","status":"publish","type":"page","link":"https:\/\/zpowrotem.pl\/index.php\/klauzula-informacyjna\/","title":{"rendered":"Klauzula Informacyjna"},"content":{"rendered":"<p align=\"left\">Informacje podstawowe dotycz\u0105ce przetwarzania danych osobowych klient\u00f3w<\/p>\n<p align=\"left\"><a name=\"MainContentForm_lblName\"><\/a> Administrator danych: zpowrotem.pl Gabinet psychologiczny Aleksandra Karczmar<\/p>\n<p align=\"left\">Cele przetwarzania: \u015awiadczenie us\u0142ug psychologicznych<\/p>\n<p align=\"left\">Podstawy prawne przetwarzania<\/p>\n<p align=\"left\">\u2022 zgoda klienta<\/p>\n<p align=\"left\">\u2022 uzasadniony interes Gabinetu<\/p>\n<p align=\"left\">\u2022 niezb\u0119dno\u015b\u0107 do wykonania umowy<\/p>\n<p align=\"left\">Odbiorcy danych:<\/p>\n<p align=\"left\">\u2022 ksi\u0119gowa \u2013 w razie konieczno\u015bci wystawienia rachunku;<\/p>\n<p align=\"left\">\u2022 firma Google \u2013 w razie kontaktu przez e-mail;<\/p>\n<p align=\"left\">\u2022 operator komunikatora do po\u0142\u0105cze\u0144 audiowizualnych \u2013 w przypadku konsultacji online;<\/p>\n<p align=\"left\">\u2022 firma Meta \u2013 w razie kontaktu przez fan page Gabinetu;<\/p>\n<p align=\"justify\">\u2022 superwizor \u2013 w przypadku poddania superwizji procesu terapeutycznego &#8211; informacje dotycz\u0105ce pacjentki\/pacjenta przekazywane s\u0105 w spos\u00f3b uniemo\u017cliwiaj\u0105cy identyfikacj\u0119 konkretnej osoby;<\/p>\n<p align=\"left\">\u2022 bank \u2013 w razie p\u0142atno\u015bci przelewem.<\/p>\n<p align=\"left\">Prawa zwi\u0105zane z przetwarzaniem danych:<\/p>\n<p align=\"left\">\u2022 prawo wycofania zgody na przetwarzanie danych<\/p>\n<p align=\"justify\">\u2022 prawo dost\u0119pu do danych osobowych oraz prawo \u017c\u0105dania ich sprostowania, ich usuni\u0119cia lub ograniczenia ich przetwarzania<\/p>\n<p align=\"left\">\u2022 inne prawa okre\u015blone w informacji szczeg\u00f3\u0142owej<\/p>\n<p align=\"left\">Szczeg\u00f3\u0142owe informacje dotycz\u0105ce przetwarzania danych osobowych klient\u00f3w<\/p>\n<p align=\"left\">1. Administrator danych osobowych<\/p>\n<p align=\"left\">Administratorem danych osobowych b\u0119dzie zpowrotem.pl Gabinet psychologiczny Aleksandra Karczmar<\/p>\n<p align=\"left\">\u2022 listownie na adres: os. Wyszy\u0144skiego 26\/39, 98-300 Wielu\u0144<\/p>\n<p align=\"left\">\u2022 przez e-mail: ola.karczmar@poczta.onet.pl<\/p>\n<p align=\"left\">\u2022 telefonicznie: 511 399 776<\/p>\n<p align=\"left\">2. Inspektor ochrony danych<\/p>\n<p align=\"left\">Nie wyznaczono inspektora ochrony danych.<\/p>\n<p align=\"left\">3. Cele przetwarzania oraz podstawa prawna przetwarzania<\/p>\n<p align=\"left\">Przetwarzanie Pa\u0144stwa danych osobowych w celu \u015bwiadczenia us\u0142ug psychologicznych.<\/p>\n<p align=\"left\">Podstaw\u0105 prawn\u0105 przetwarzania Pa\u0144stwa danych osobowych jest:<\/p>\n<p align=\"left\">\u2022 przetwarzanie jest niezb\u0119dne do wykonania umowy, kt\u00f3rej s\u0105 Pa\u0144stwo stron\u0105;<\/p>\n<p align=\"left\">\u2022 Pa\u0144stwa zgoda na przetwarzanie danych w umowie;<\/p>\n<p align=\"left\">\u2022 Uzasadniony interes Gabinetu \u2013 wykonanie umowy.<\/p>\n<p align=\"left\">4. Okres przechowywania danych osobowych<\/p>\n<p align=\"justify\">3 lata od wytworzenia za wyj\u0105tkiem dokumentacji medycznej kt\u00f3ra jest przechowywana przez 20 lat od dokonania w niej ostatniego wpisu.<\/p>\n<p align=\"left\">5. Pa\u0144stwa prawa zwi\u0105zane z przetwarzaniem danych osobowych i podejmowaniem zautomatyzowanych decyzji<\/p>\n<p align=\"left\">Przys\u0142uguj\u0105 Pa\u0144stwu nast\u0119puj\u0105ce prawa zwi\u0105zane z przetwarzaniem danych osobowych:<\/p>\n<p align=\"left\">a. prawo wycofania zgody na przetwarzanie danych;<\/p>\n<p align=\"left\">b. prawo dost\u0119pu do Pa\u0144stwa danych osobowych;<\/p>\n<p align=\"left\">c. prawo \u017c\u0105dania sprostowania Pa\u0144stwa danych osobowych;<\/p>\n<p align=\"left\">d. prawo \u017c\u0105dania usuni\u0119cia Pa\u0144stwa danych osobowych;<\/p>\n<p align=\"left\">e. prawo \u017c\u0105dania ograniczenia przetwarzania Pa\u0144stwa danych osobowych;<\/p>\n<p align=\"left\">f. prawo wyra\u017cenia sprzeciwu wobec przetwarzania Pa\u0144stwa danych ze wzgl\u0119du na Pa\u0144stwa szczeg\u00f3ln\u0105 sytuacj\u0119 \u2013 w przypadkach, kiedy przetwarzamy Pa\u0144stwa dane na podstawie naszego prawnie uzasadnionego interesu;<\/p>\n<p align=\"justify\">g. prawo do przenoszenia Pa\u0144stwa danych osobowych, tj. prawo otrzymania od nas Pa\u0144stwa danych osobowych w ustrukturyzowanym, powszechnie u\u017cywanym formacie informatycznym nadaj\u0105cym si\u0119 do odczytu maszynowego. Mog\u0105 Pa\u0144stwo przes\u0142a\u0107 te dane innemu administratorowi danych lub za\u017c\u0105da\u0107, aby\u015bmy przes\u0142ali Pa\u0144stwa dane do innego administratora. Jednak\u017ce zrobimy to tylko w\u00f3wczas, je\u015bli takie przes\u0142anie jest technicznie mo\u017cliwe. Prawo do przenoszenia danych osobowych przys\u0142uguje Pa\u0144stwu tylko co do tych danych, kt\u00f3re przetwarzamy na podstawie umowy z Pa\u0144stwem lub na podstawie Pa\u0144stwa zgody.<\/p>\n<p align=\"left\">Prawo wycofania zgody<\/p>\n<p align=\"justify\">W zakresie, w jakim Pa\u0144stwa dane s\u0105 przetwarzane na podstawie zgody maj\u0105 Pa\u0144stwo prawo wycofania zgody na przetwarzanie danych w dowolnym momencie. Wycofanie zgody nie ma wp\u0142ywu na zgodno\u015b\u0107 z prawem przetwarzania, kt\u00f3rego dokonano na podstawie Pa\u0144stwa zgody przed jej wycofaniem. Zgod\u0119 mog\u0105 Pa\u0144stwo wycofa\u0107 poprzez wys\u0142anie o\u015bwiadczenia o wycofaniu zgody na nasz adres korespondencyjny, nasz adres e-mail.<\/p>\n<p align=\"left\">Prawo wniesienia skargi do organu<\/p>\n<p align=\"justify\">Przys\u0142uguje Pa\u0144stwu tak\u017ce prawo wniesienia skargi do organu nadzorczego zajmuj\u0105cego si\u0119 ochron\u0105 danych osobowych, tj. Prezesa Urz\u0119du Ochrony Danych Osobowych.<\/p>\n","protected":false},"excerpt":{"rendered":"<p>Informacje podstawowe dotycz\u0105ce przetwarzania danych osobowych klient\u00f3w Administrator danych: zpowrotem.pl Gabinet psychologiczny Aleksandra Karczmar Cele przetwarzania: \u015awiadczenie us\u0142ug psychologicznych Podstawy prawne przetwarzania \u2022 zgoda klienta \u2022 uzasadniony interes Gabinetu \u2022 niezb\u0119dno\u015b\u0107 do wykonania umowy Odbiorcy danych: \u2022 ksi\u0119gowa \u2013 w&#8230; <a class=\"more-link\" href=\"https:\/\/zpowrotem.pl\/index.php\/klauzula-informacyjna\/\">Czytaj dalej &rarr;<\/a><\/p>\n","protected":false},"author":1,"featured_media":0,"parent":0,"menu_order":0,"comment_status":"closed","ping_status":"closed","template":"","meta":{"footnotes":""},"class_list":["post-827","page","type-page","status-publish","hentry"],"yoast_head":"<!-- This site is optimized with the Yoast SEO plugin v27.4 - https:\/\/yoast.com\/product\/yoast-seo-wordpress\/ -->\n<title>Klauzula Informacyjna - zpowrotem.pl<\/title>\n<meta name=\"robots\" content=\"index, follow, max-snippet:-1, max-image-preview:large, max-video-preview:-1\" \/>\n<link rel=\"canonical\" href=\"https:\/\/zpowrotem.pl\/index.php\/klauzula-informacyjna\/\" \/>\n<meta property=\"og:locale\" content=\"pl_PL\" \/>\n<meta property=\"og:type\" content=\"article\" \/>\n<meta property=\"og:title\" content=\"Klauzula Informacyjna - zpowrotem.pl\" \/>\n<meta property=\"og:description\" content=\"Informacje podstawowe dotycz\u0105ce przetwarzania danych osobowych klient\u00f3w Administrator danych: zpowrotem.pl Gabinet psychologiczny Aleksandra Karczmar Cele przetwarzania: \u015awiadczenie us\u0142ug psychologicznych Podstawy prawne przetwarzania \u2022 zgoda klienta \u2022 uzasadniony interes Gabinetu \u2022 niezb\u0119dno\u015b\u0107 do wykonania umowy Odbiorcy danych: \u2022 ksi\u0119gowa \u2013 w... Czytaj dalej &rarr;\" \/>\n<meta property=\"og:url\" content=\"https:\/\/zpowrotem.pl\/index.php\/klauzula-informacyjna\/\" \/>\n<meta property=\"og:site_name\" content=\"zpowrotem.pl\" \/>\n<meta property=\"article:publisher\" content=\"https:\/\/www.facebook.com\/zpowrotempl\/\" \/>\n<meta property=\"article:modified_time\" content=\"2023-05-03T15:13:26+00:00\" \/>\n<meta name=\"twitter:card\" content=\"summary_large_image\" \/>\n<meta name=\"twitter:label1\" content=\"Szacowany czas czytania\" \/>\n\t<meta name=\"twitter:data1\" content=\"4 minuty\" \/>\n<script type=\"application\/ld+json\" class=\"yoast-schema-graph\">{\"@context\":\"https:\\\/\\\/schema.org\",\"@graph\":[{\"@type\":\"WebPage\",\"@id\":\"https:\\\/\\\/zpowrotem.pl\\\/index.php\\\/klauzula-informacyjna\\\/\",\"url\":\"https:\\\/\\\/zpowrotem.pl\\\/index.php\\\/klauzula-informacyjna\\\/\",\"name\":\"Klauzula Informacyjna - zpowrotem.pl\",\"isPartOf\":{\"@id\":\"https:\\\/\\\/zpowrotem.pl\\\/#website\"},\"datePublished\":\"2023-05-03T13:39:26+00:00\",\"dateModified\":\"2023-05-03T15:13:26+00:00\",\"breadcrumb\":{\"@id\":\"https:\\\/\\\/zpowrotem.pl\\\/index.php\\\/klauzula-informacyjna\\\/#breadcrumb\"},\"inLanguage\":\"pl-PL\",\"potentialAction\":[{\"@type\":\"ReadAction\",\"target\":[\"https:\\\/\\\/zpowrotem.pl\\\/index.php\\\/klauzula-informacyjna\\\/\"]}]},{\"@type\":\"BreadcrumbList\",\"@id\":\"https:\\\/\\\/zpowrotem.pl\\\/index.php\\\/klauzula-informacyjna\\\/#breadcrumb\",\"itemListElement\":[{\"@type\":\"ListItem\",\"position\":1,\"name\":\"Strona g\u0142\u00f3wna\",\"item\":\"https:\\\/\\\/zpowrotem.pl\\\/\"},{\"@type\":\"ListItem\",\"position\":2,\"name\":\"Klauzula Informacyjna\"}]},{\"@type\":\"WebSite\",\"@id\":\"https:\\\/\\\/zpowrotem.pl\\\/#website\",\"url\":\"https:\\\/\\\/zpowrotem.pl\\\/\",\"name\":\"zpowrotem.pl\",\"description\":\"psycholog pisze blog\",\"potentialAction\":[{\"@type\":\"SearchAction\",\"target\":{\"@type\":\"EntryPoint\",\"urlTemplate\":\"https:\\\/\\\/zpowrotem.pl\\\/?s={search_term_string}\"},\"query-input\":{\"@type\":\"PropertyValueSpecification\",\"valueRequired\":true,\"valueName\":\"search_term_string\"}}],\"inLanguage\":\"pl-PL\"}]}<\/script>\n<!-- \/ Yoast SEO plugin. -->","yoast_head_json":{"title":"Klauzula Informacyjna - zpowrotem.pl","robots":{"index":"index","follow":"follow","max-snippet":"max-snippet:-1","max-image-preview":"max-image-preview:large","max-video-preview":"max-video-preview:-1"},"canonical":"https:\/\/zpowrotem.pl\/index.php\/klauzula-informacyjna\/","og_locale":"pl_PL","og_type":"article","og_title":"Klauzula Informacyjna - zpowrotem.pl","og_description":"Informacje podstawowe dotycz\u0105ce przetwarzania danych osobowych klient\u00f3w Administrator danych: zpowrotem.pl Gabinet psychologiczny Aleksandra Karczmar Cele przetwarzania: \u015awiadczenie us\u0142ug psychologicznych Podstawy prawne przetwarzania \u2022 zgoda klienta \u2022 uzasadniony interes Gabinetu \u2022 niezb\u0119dno\u015b\u0107 do wykonania umowy Odbiorcy danych: \u2022 ksi\u0119gowa \u2013 w... Czytaj dalej &rarr;","og_url":"https:\/\/zpowrotem.pl\/index.php\/klauzula-informacyjna\/","og_site_name":"zpowrotem.pl","article_publisher":"https:\/\/www.facebook.com\/zpowrotempl\/","article_modified_time":"2023-05-03T15:13:26+00:00","twitter_card":"summary_large_image","twitter_misc":{"Szacowany czas czytania":"4 minuty"},"schema":{"@context":"https:\/\/schema.org","@graph":[{"@type":"WebPage","@id":"https:\/\/zpowrotem.pl\/index.php\/klauzula-informacyjna\/","url":"https:\/\/zpowrotem.pl\/index.php\/klauzula-informacyjna\/","name":"Klauzula Informacyjna - zpowrotem.pl","isPartOf":{"@id":"https:\/\/zpowrotem.pl\/#website"},"datePublished":"2023-05-03T13:39:26+00:00","dateModified":"2023-05-03T15:13:26+00:00","breadcrumb":{"@id":"https:\/\/zpowrotem.pl\/index.php\/klauzula-informacyjna\/#breadcrumb"},"inLanguage":"pl-PL","potentialAction":[{"@type":"ReadAction","target":["https:\/\/zpowrotem.pl\/index.php\/klauzula-informacyjna\/"]}]},{"@type":"BreadcrumbList","@id":"https:\/\/zpowrotem.pl\/index.php\/klauzula-informacyjna\/#breadcrumb","itemListElement":[{"@type":"ListItem","position":1,"name":"Strona g\u0142\u00f3wna","item":"https:\/\/zpowrotem.pl\/"},{"@type":"ListItem","position":2,"name":"Klauzula Informacyjna"}]},{"@type":"WebSite","@id":"https:\/\/zpowrotem.pl\/#website","url":"https:\/\/zpowrotem.pl\/","name":"zpowrotem.pl","description":"psycholog pisze blog","potentialAction":[{"@type":"SearchAction","target":{"@type":"EntryPoint","urlTemplate":"https:\/\/zpowrotem.pl\/?s={search_term_string}"},"query-input":{"@type":"PropertyValueSpecification","valueRequired":true,"valueName":"search_term_string"}}],"inLanguage":"pl-PL"}]}},"_links":{"self":[{"href":"https:\/\/zpowrotem.pl\/index.php\/wp-json\/wp\/v2\/pages\/827","targetHints":{"allow":["GET"]}}],"collection":[{"href":"https:\/\/zpowrotem.pl\/index.php\/wp-json\/wp\/v2\/pages"}],"about":[{"href":"https:\/\/zpowrotem.pl\/index.php\/wp-json\/wp\/v2\/types\/page"}],"author":[{"embeddable":true,"href":"https:\/\/zpowrotem.pl\/index.php\/wp-json\/wp\/v2\/users\/1"}],"replies":[{"embeddable":true,"href":"https:\/\/zpowrotem.pl\/index.php\/wp-json\/wp\/v2\/comments?post=827"}],"version-history":[{"count":2,"href":"https:\/\/zpowrotem.pl\/index.php\/wp-json\/wp\/v2\/pages\/827\/revisions"}],"predecessor-version":[{"id":834,"href":"https:\/\/zpowrotem.pl\/index.php\/wp-json\/wp\/v2\/pages\/827\/revisions\/834"}],"wp:attachment":[{"href":"https:\/\/zpowrotem.pl\/index.php\/wp-json\/wp\/v2\/media?parent=827"}],"curies":[{"name":"wp","href":"https:\/\/api.w.org\/{rel}","templated":true}]}}